{"id":167,"date":"2019-10-31T11:25:26","date_gmt":"2019-10-31T11:25:26","guid":{"rendered":"https:\/\/www.ve-intakt.de\/?page_id=167"},"modified":"2025-01-26T20:44:58","modified_gmt":"2025-01-26T20:44:58","slug":"ueberuns","status":"publish","type":"page","link":"https:\/\/vokalensemble-intakt.de\/?page_id=167","title":{"rendered":"\u00dcber uns"},"content":{"rendered":"\n<h3 class=\"wp-block-heading\" id=\"willkommen-beim-vokalensemble-intakt\">Willkommen beim Vokalensemble InTakt!<\/h3>\n\n\n\n<ul class=\"wp-block-list\">\n<li>Wir sind ein Chor mit derzeit gut 30 jungen und junggebliebenen S\u00e4ngerinnen und S\u00e4ngern<\/li>\n\n\n\n<li>Unser Repertoire ist bunt gemischt von Klassik bis Pop. Unser Schwerpunkt ist Popularmusik.<\/li>\n\n\n\n<li>Wir achten auf einen kurzweiligen Mix aus bekannten und weniger bekannten Melodien, die wir mit viel Freude und Leidenschaft f\u00fcr das gemeinsame Singen darbieten<\/li>\n\n\n\n<li>Wir sind offen und begeisterungsf\u00e4hig<\/li>\n\n\n\n<li>Wir singen unsere Konzerte ohne Noten<\/li>\n\n\n\n<li>Mit Perkussion &#8211; inkl. Bodyperkussion &#8211; peppen wir so manches Lied auf<\/li>\n\n\n\n<li>Gern singen wir auf Hochzeiten, Tagungen oder Festen. Einfach anfragen!<\/li>\n<\/ul>\n\n\n\n<p><strong>Chorleitung<\/strong><\/p>\n\n\n\n<p>seit Januar 2022: Mario H\u00fcbner<br>2019 bis 2021: Aliia Iskhakova<br>2001-2019: Hans-Joachim B\u00f6hme<\/p>\n\n\n\n<p><strong>Unterst\u00fctzung<\/strong><\/p>\n\n\n\n<p>\u00dcber eine Unterst\u00fctzung unserer Arbeit freuen wir uns sehr! Spendenbescheinigungen k\u00f6nnen wir bei Bedarf ausstellen. <br>Unsere Kontoverbindung:<br>Vokalensemble InTakt e. V.<br>IBAN DE25 8109 3274 0004 0311 72<br>BIC: GENODEF1MD1<br>Volksbank Magdeburg<\/p>\n\n\n\n<p><\/p>\n\n\n\n<p><\/p>\n","protected":false},"excerpt":{"rendered":"<p>Willkommen beim Vokalensemble InTakt! Chorleitung seit Januar 2022: Mario H\u00fcbner2019 bis 2021: Aliia Iskhakova2001-2019: Hans-Joachim B\u00f6hme Unterst\u00fctzung \u00dcber eine Unterst\u00fctzung unserer Arbeit freuen wir uns sehr! Spendenbescheinigungen k\u00f6nnen wir bei Bedarf ausstellen. Unsere Kontoverbindung:Vokalensemble InTakt e. V.IBAN DE25 8109 3274 0004 0311 72BIC: GENODEF1MD1Volksbank Magdeburg<\/p>\n","protected":false},"author":1,"featured_media":1041,"parent":0,"menu_order":0,"comment_status":"closed","ping_status":"closed","template":"","meta":{"footnotes":""},"class_list":["post-167","page","type-page","status-publish","has-post-thumbnail","hentry"],"_links":{"self":[{"href":"https:\/\/vokalensemble-intakt.de\/index.php?rest_route=\/wp\/v2\/pages\/167","targetHints":{"allow":["GET"]}}],"collection":[{"href":"https:\/\/vokalensemble-intakt.de\/index.php?rest_route=\/wp\/v2\/pages"}],"about":[{"href":"https:\/\/vokalensemble-intakt.de\/index.php?rest_route=\/wp\/v2\/types\/page"}],"author":[{"embeddable":true,"href":"https:\/\/vokalensemble-intakt.de\/index.php?rest_route=\/wp\/v2\/users\/1"}],"replies":[{"embeddable":true,"href":"https:\/\/vokalensemble-intakt.de\/index.php?rest_route=%2Fwp%2Fv2%2Fcomments&post=167"}],"version-history":[{"count":23,"href":"https:\/\/vokalensemble-intakt.de\/index.php?rest_route=\/wp\/v2\/pages\/167\/revisions"}],"predecessor-version":[{"id":1040,"href":"https:\/\/vokalensemble-intakt.de\/index.php?rest_route=\/wp\/v2\/pages\/167\/revisions\/1040"}],"wp:featuredmedia":[{"embeddable":true,"href":"https:\/\/vokalensemble-intakt.de\/index.php?rest_route=\/wp\/v2\/media\/1041"}],"wp:attachment":[{"href":"https:\/\/vokalensemble-intakt.de\/index.php?rest_route=%2Fwp%2Fv2%2Fmedia&parent=167"}],"curies":[{"name":"wp","href":"https:\/\/api.w.org\/{rel}","templated":true}]}}